{"id":244,"date":"2015-01-19T21:51:10","date_gmt":"2015-01-20T02:51:10","guid":{"rendered":"http:\/\/osi.dev.pcomms.ca\/?page_id=244"},"modified":"2015-07-08T10:58:36","modified_gmt":"2015-07-08T14:58:36","slug":"accueil","status":"publish","type":"page","link":"https:\/\/osiconnect.theroyal.ca\/fr\/","title":{"rendered":"Accueil"},"content":{"rendered":"[vc_row][vc_column width=&#8221;1\/1&#8243;]<style type=\"text\/css\">#nectar-slider-instance-1, #nectar-slider-instance-1 .swiper-container { min-height: 200px; } @media only screen and (min-width: 1300px) { #nectar-slider-instance-1, #nectar-slider-instance-1 .swiper-container { height: 600px; }  } @media only screen and (max-width: 1299px) { #nectar-slider-instance-1, #nectar-slider-instance-1 .swiper-container { height: 500px; }  } @media only screen and (max-width: 1000px) { #nectar-slider-instance-1, #nectar-slider-instance-1 .swiper-container { height: 428.57142857143px; }  } @media only screen and (max-width: 690px) { #nectar-slider-instance-1, #nectar-slider-instance-1 .swiper-container { height: 222.22222222222px; }  } <\/style><div data-midnight=\"nectar-slider\" class=\"parallax_slider_outer \"><div  data-transition=\"slide\" data-overall_style=\"classic\" data-flexible-height=\"\" data-animate-in-effect=\"none\" data-fullscreen=\"false\" data-button-sizing=\"jumbo\" data-button-styling=\"btn_with_count\" data-autorotate=\"5000\" data-parallax=\"true\" data-parallax-disable-mobile=\"\" data-caption-trans=\"fade_in_from_bottom\" data-parallax-style=\"bg_only\" data-bg-animation=\"none\" data-full-width=\"true\" class=\"nectar-slider-wrap \" id=\"nectar-slider-instance-1\"><div class=\"swiper-container\"  data-tho=\"auto\" data-tco=\"auto\" data-pho=\"auto\" data-pco=\"auto\" data-loop=\"true\" data-height=\"600\" data-min-height=\"200\" data-arrows=\"true\" data-bullets=\"false\" data-bullet_style=\"see_through\" data-bullet_position=\"bottom\" data-desktop-swipe=\"false\" data-settings=\"\"> <div class=\"swiper-wrapper\"><div class=\"swiper-slide\" data-desktop-content-width=\"\" data-tablet-content-width=\"\" data-bg-alignment=\"center\" data-color-scheme=\"light\" data-x-pos=\"centered\" data-y-pos=\"middle\" ><div class=\"slide-bg-wrap\"><div class=\"image-bg\" style=\"background-image: url(https:\/\/osiconnect.theroyal.ca\/wp-content\/uploads\/2018\/08\/OSI-Connect-Tile.jpg);\"> &nbsp; <\/div><\/div><div class=\"container\">\n\t\t\t\t\t\t<div class=\"content\"><h2 class=\"ns-heading-el\">R\u00e9seau des cliniques de traumatismes de stress op\u00e9rationnel<\/h2><p  ><span>L'aide dont vous avez besoin est \u00e0 port\u00e9e de main avec Connexion TSO!<\/span><\/p><div class=\"buttons\"><div class=\"button transparent_2\">\n\t\t\t\t\t\t\t\t\t\t <a class=\"primary-color\" href=\"\/fr\/a-propos\/\">EN SAVOIR PLUS SUR CONNEXION TSO<\/a>\n\t\t\t\t\t\t\t\t\t\t<\/div><\/div><\/div>\n\t\t\t\t\t\t\t\t<\/div><!--\/container--><div class=\"video-texture \"> <span class=\"ie-fix\"><\/span> <\/div><\/div> <!--\/swiper-slide--><div class=\"swiper-slide\" data-desktop-content-width=\"\" data-tablet-content-width=\"\" data-bg-alignment=\"center\" data-color-scheme=\"dark\" data-x-pos=\"right\" data-y-pos=\"middle\" ><div class=\"slide-bg-wrap\"><div class=\"image-bg\" style=\"background-image: url(https:\/\/osiconnect.theroyal.ca\/wp-content\/uploads\/2023\/05\/Sammy_Tile.jpg);\"> &nbsp; <\/div><\/div><div class=\"container\">\n\t\t\t\t\t\t<div class=\"content\"><h2 class=\"ns-heading-el\">Un soldat apprend \u00e0 se lib\u00e9rer de sa culpabilit\u00e9 pour se r\u00e9tablir de son TSPT<\/h2><div class=\"buttons\"><div class=\"button transparent_2\">\n\t\t\t\t\t\t\t\t\t\t <a class=\"primary-color\" href=\"\/fr\/liberer-culpabilite-tspt\/\">Lisez l'histoire de Sammy<\/a>\n\t\t\t\t\t\t\t\t\t\t<\/div><\/div><\/div>\n\t\t\t\t\t\t\t\t<\/div><!--\/container--><div class=\"video-texture \"> <span class=\"ie-fix\"><\/span> <\/div><\/div> <!--\/swiper-slide--><div class=\"swiper-slide\" data-desktop-content-width=\"\" data-tablet-content-width=\"\" data-bg-alignment=\"center\" data-color-scheme=\"dark\" data-x-pos=\"left\" data-y-pos=\"middle\" ><div class=\"slide-bg-wrap\"><div class=\"image-bg\" style=\"background-image: url(https:\/\/osiconnect.theroyal.ca\/wp-content\/uploads\/2023\/05\/Families_Tile.jpg);\"> &nbsp; <\/div><\/div><div class=\"container\">\n\t\t\t\t\t\t<div class=\"content\"><h2 class=\"ns-heading-el\">Un de vos proches est<br \/>atteint d\u2019un TSO ?<\/h2><div class=\"buttons\"><div class=\"button transparent_2\">\n\t\t\t\t\t\t\t\t\t\t <a class=\"primary-color\" href=\"\/fr\/familles\/\">Comment aider<\/a>\n\t\t\t\t\t\t\t\t\t\t<\/div><\/div><\/div>\n\t\t\t\t\t\t\t\t<\/div><!--\/container--><div class=\"video-texture \"> <span class=\"ie-fix\"><\/span> <\/div><\/div> <!--\/swiper-slide--><\/div><a href=\"#\" class=\"slider-prev\"><i class=\"icon-salient-left-arrow\"><\/i> <div class=\"slide-count\"> <span class=\"slide-current\">1<\/span> <i class=\"icon-salient-right-line\"><\/i> <span class=\"slide-total\"><\/span> <\/div> <\/a>\n\t\t\t\t\t\t<a href=\"#\" class=\"slider-next\"><i class=\"icon-salient-right-arrow\"><\/i> <div class=\"slide-count\"> <span class=\"slide-current\">1<\/span> <i class=\"icon-salient-right-line\"><\/i> <span class=\"slide-total\"><\/span> <\/div> <\/a><div class=\"nectar-slider-loading \"> <span class=\"loading-icon none\">   <\/span> <\/div> <\/div> \n\t\t\t\t\t\n\t\t\t\t\t<\/div><\/div>[\/vc_column][\/vc_row][vc_row type=&#8221;full_width_background&#8221; bg_position=&#8221;left top&#8221; bg_repeat=&#8221;no-repeat&#8221; scene_position=&#8221;center&#8221; text_color=&#8221;dark&#8221; text_align=&#8221;left&#8221; top_padding=&#8221;50&#8243; bottom_padding=&#8221;50&#8243;][vc_column width=&#8221;2\/3&#8243;][vc_row_inner][vc_column_inner width=&#8221;1\/2&#8243; animation=&#8221;none&#8221; boxed=&#8221;true&#8221; column_padding=&#8221;no-extra-padding&#8221; column_padding_position=&#8221;all&#8221; column_link=&#8221;\/evaluations&#8221;][image_with_animation image_url=&#8221;70&#8243; alignment=&#8221;center&#8221; animation=&#8221;Fade In&#8221; img_link_target=&#8221;_self&#8221; delay=&#8221;300&#8243;][vc_column_text]\n<h2 style=\"text-align: center; margin: 10px 0 0;\">\u00c9valuations<\/h2>\n<p style=\"text-align: center;\">Courts questionnaires \u2013 environ 5 minutes chacun<\/p>\n[\/vc_column_text][\/vc_column_inner][vc_column_inner width=&#8221;1\/2&#8243; animation=&#8221;none&#8221; boxed=&#8221;true&#8221; column_padding=&#8221;no-extra-padding&#8221; column_padding_position=&#8221;all&#8221; column_link=&#8221;\/autosoins&#8221;][image_with_animation image_url=&#8221;80&#8243; alignment=&#8221;center&#8221; animation=&#8221;Fade In&#8221; img_link_target=&#8221;_self&#8221; delay=&#8221;600&#8243;][vc_column_text]\n<h2 style=\"text-align: center; margin: 10px 0 0;\">Autosoins<\/h2>\n<p style=\"text-align: center;\">Vid\u00e9os et listes de contr\u00f4le pour prendre soin de vous<\/p>\n[\/vc_column_text][\/vc_column_inner][\/vc_row_inner][vc_row_inner][vc_column_inner width=&#8221;1\/2&#8243; animation=&#8221;none&#8221; boxed=&#8221;true&#8221; column_padding=&#8221;no-extra-padding&#8221; column_padding_position=&#8221;all&#8221; column_link=&#8221;\/familles&#8221;][image_with_animation image_url=&#8221;72&#8243; alignment=&#8221;center&#8221; animation=&#8221;Fade In&#8221; img_link_target=&#8221;_self&#8221; delay=&#8221;300&#8243;][vc_column_text]\n<h2 style=\"text-align: center; margin: 10px 0 0;\">Familles<\/h2>\n<p style=\"text-align: center;\">Aider un proche atteint d\u2019un TSO<\/p>\n[\/vc_column_text][\/vc_column_inner][vc_column_inner width=&#8221;1\/2&#8243; animation=&#8221;none&#8221; boxed=&#8221;true&#8221; column_padding=&#8221;no-extra-padding&#8221; column_padding_position=&#8221;all&#8221; column_link=&#8221;\/professionels&#8221;][image_with_animation image_url=&#8221;76&#8243; alignment=&#8221;center&#8221; animation=&#8221;Fade In&#8221; img_link_target=&#8221;_self&#8221; delay=&#8221;600&#8243;][vc_column_text]\n<h2 style=\"text-align: center; margin: 10px 0 0;\">Professionnels<\/h2>\n<p style=\"text-align: center;\">Outils et documents pour les professionnels de la sant\u00e9<\/p>\n[\/vc_column_text][\/vc_column_inner][\/vc_row_inner][vc_row_inner][vc_column_inner width=&#8221;1\/2&#8243; animation=&#8221;none&#8221; boxed=&#8221;true&#8221; column_padding=&#8221;no-extra-padding&#8221; column_padding_position=&#8221;all&#8221; column_link=&#8221;\/ressources&#8221;][image_with_animation image_url=&#8221;78&#8243; alignment=&#8221;center&#8221; animation=&#8221;Fade In&#8221; img_link_target=&#8221;_self&#8221; delay=&#8221;300&#8243;][vc_column_text]\n<h2 style=\"text-align: center; margin: 10px 0 0;\">Ressources<\/h2>\n<p style=\"text-align: center;\">Vid\u00e9os utiles, FAQ, liens et apps<\/p>\n[\/vc_column_text][\/vc_column_inner][vc_column_inner width=&#8221;1\/2&#8243; animation=&#8221;none&#8221; boxed=&#8221;true&#8221; column_padding=&#8221;no-extra-padding&#8221; column_padding_position=&#8221;all&#8221; column_link=&#8221;\/trouver-une-clinique&#8221;][image_with_animation image_url=&#8221;74&#8243; alignment=&#8221;center&#8221; animation=&#8221;Fade In&#8221; img_link_target=&#8221;_self&#8221; delay=&#8221;600&#8243;][vc_column_text]\n<h2 style=\"text-align: center; margin: 10px 0 0;\">Trouver une clinique<\/h2>\n<p style=\"text-align: center;\">Trouvez la clinique des TSO la plus pr\u00e8s de chez vous<\/p>\n[\/vc_column_text][\/vc_column_inner][\/vc_row_inner][\/vc_column][vc_column width=&#8221;1\/3&#8243;][vc_column_text]\n<h2 style=\"margin-bottom: 7px;\">Derni\u00e8re vid\u00e9o | <a title=\"Vid\u00e9os\" href=\"\/fr\/ressources\/videos\/\">Voir tout<\/a><\/h2>\n[\/vc_column_text][vc_video link=&#8221;http:\/\/youtu.be\/d8mMYRwd1YA&#8221;][divider line_type=&#8221;Full Width Line&#8221; custom_height=&#8221;40&#8243;][recent_posts category=&#8221;nouvelles&#8221; columns=&#8221;1&#8243; title_labels=&#8221;true&#8221; posts_per_page=&#8221;1&#8243;][\/vc_column][\/vc_row][vc_row type=&#8221;full_width_background&#8221; bg_position=&#8221;center center&#8221; bg_repeat=&#8221;no-repeat&#8221; scene_position=&#8221;center&#8221; text_color=&#8221;light&#8221; text_align=&#8221;center&#8221; top_padding=&#8221;120&#8243; bottom_padding=&#8221;120&#8243; bg_image=&#8221;112&#8243; parallax_bg=&#8221;true&#8221;][vc_column width=&#8221;1\/2&#8243;][\/vc_column][vc_column width=&#8221;1\/2&#8243;][vc_column_text]\n<h2 style=\"text-align: center; font-size: 1.8em;\">Vous pr\u00e9f\u00e9rez acc\u00e9der \u00e0 la version mobile de Connexion TSO?<\/h2>\n<h3 style=\"text-align: center; margin-bottom: 40px;\">Notre nouvelle app mobile regroupe toutes les informations, les ressources et les outils du site Web Connexion TSO entre vos mains \u2013 et elle est disponible sur les appareils Apple, Android ou Blackberry!<\/h3>\n<p style=\"text-align: center;\"><a class=\"nectar-button n-sc-button large see-through-2 has-icon\" target=\"_blank\" href=\"http:\/\/getmyapp.me\/OSIConnect\/\" data-color-override=\"false\" data-hover-color-override=\"false\" data-hover-text-color-override=\"#fff\"><span>T\u00e9l\u00e9charger l'app<\/span><i class=\"steadysets-icon-phone-portrait\"><\/i><\/a>\n[\/vc_column_text][\/vc_column][\/vc_row][vc_row type=&#8221;full_width_background&#8221; bg_position=&#8221;left top&#8221; bg_repeat=&#8221;no-repeat&#8221; bg_color=&#8221;#0067b1&#8243; scene_position=&#8221;center&#8221; text_color=&#8221;light&#8221; text_align=&#8221;left&#8221; top_padding=&#8221;55&#8243; bottom_padding=&#8221;55&#8243;][vc_column width=&#8221;1\/4&#8243;][image_with_animation image_url=&#8221;118&#8243; animation=&#8221;Fade In&#8221; img_link_target=&#8221;_blank&#8221; delay=&#8221;200&#8243; img_link=&#8221;http:\/\/www.leroyal.ca\/&#8221; alignment=&#8221;center&#8221; el_class=&#8221;max-width-ninety&#8221;][\/vc_column][vc_column width=&#8221;3\/4&#8243;][vc_column_text]\n<h2>Anciens Combattants Canada et Le Royal<\/h2>\n<p>Le r\u00e9seau des cliniques des TSO a \u00e9t\u00e9 \u00e9tabli gr\u00e2ce \u00e0 des ententes de partenarait entre Anciens Combattants Canada et des organismes de soins de sant\u00e9 de tout le pays. Ces cliniques s&#8217;engagent \u00e0 aider les personnes atteintes d&#8217;un TSO li\u00e9 \u00e0 leur service dans les Forces arm\u00e9es canadiennes ou la Gendarmerie royale du Canada. Ces services sont gratuits pour les personnes admissibles.Les cliniques des traumatismes de stress op\u00e9rationnel, telle celle du Centre de sant\u00e9 mentale Royal Ottawa, \u00a0sont des \u00e9tablissements de traitement o\u00f9 les personnes qui ont servi le Canada et vivent avec des troubles de sant\u00e9 mentale peuvent obtenir une grande gamme de services d\u2019\u00e9valuation clinique et de traitement sous un m\u00eame toit.[\/vc_column_text][\/vc_column][\/vc_row]\n","protected":false},"excerpt":{"rendered":"<p>[vc_row][vc_column width=&#8221;1\/1&#8243;][\/vc_column][\/vc_row][vc_row type=&#8221;full_width_background&#8221; bg_position=&#8221;left top&#8221; bg_repeat=&#8221;no-repeat&#8221; scene_position=&#8221;center&#8221; text_color=&#8221;dark&#8221; text_align=&#8221;left&#8221; top_padding=&#8221;50&#8243; bottom_padding=&#8221;50&#8243;][vc_column width=&#8221;2\/3&#8243;][vc_row_inner][vc_column_inner width=&#8221;1\/2&#8243; animation=&#8221;none&#8221; boxed=&#8221;true&#8221; column_padding=&#8221;no-extra-padding&#8221; column_padding_position=&#8221;all&#8221; column_link=&#8221;\/evaluations&#8221;][image_with_animation image_url=&#8221;70&#8243; alignment=&#8221;center&#8221; animation=&#8221;Fade In&#8221; img_link_target=&#8221;_self&#8221; delay=&#8221;300&#8243;][vc_column_text] \u00c9valuations&#8230;<\/p>\n","protected":false},"author":1,"featured_media":0,"parent":0,"menu_order":0,"comment_status":"open","ping_status":"closed","template":"","meta":{"footnotes":""},"class_list":["post-244","page","type-page","status-publish"],"_links":{"self":[{"href":"https:\/\/osiconnect.theroyal.ca\/fr\/wp-json\/wp\/v2\/pages\/244","targetHints":{"allow":["GET"]}}],"collection":[{"href":"https:\/\/osiconnect.theroyal.ca\/fr\/wp-json\/wp\/v2\/pages"}],"about":[{"href":"https:\/\/osiconnect.theroyal.ca\/fr\/wp-json\/wp\/v2\/types\/page"}],"author":[{"embeddable":true,"href":"https:\/\/osiconnect.theroyal.ca\/fr\/wp-json\/wp\/v2\/users\/1"}],"replies":[{"embeddable":true,"href":"https:\/\/osiconnect.theroyal.ca\/fr\/wp-json\/wp\/v2\/comments?post=244"}],"version-history":[{"count":12,"href":"https:\/\/osiconnect.theroyal.ca\/fr\/wp-json\/wp\/v2\/pages\/244\/revisions"}],"predecessor-version":[{"id":708,"href":"https:\/\/osiconnect.theroyal.ca\/fr\/wp-json\/wp\/v2\/pages\/244\/revisions\/708"}],"wp:attachment":[{"href":"https:\/\/osiconnect.theroyal.ca\/fr\/wp-json\/wp\/v2\/media?parent=244"}],"curies":[{"name":"wp","href":"https:\/\/api.w.org\/{rel}","templated":true}]}}