{"id":258,"date":"2015-01-28T00:04:28","date_gmt":"2015-01-28T05:04:28","guid":{"rendered":"http:\/\/osi.dev.pcomms.ca\/?page_id=258"},"modified":"2015-07-03T10:16:54","modified_gmt":"2015-07-03T14:16:54","slug":"liste-stress-post-traumatique","status":"publish","type":"page","link":"https:\/\/osiconnect.theroyal.ca\/fr\/autosoins\/liste-stress-post-traumatique\/","title":{"rendered":"Liste du trouble de stress post-traumatique"},"content":{"rendered":"[vc_row type=&#8221;in_container&#8221; bg_position=&#8221;left top&#8221; bg_repeat=&#8221;no-repeat&#8221; scene_position=&#8221;center&#8221; text_color=&#8221;dark&#8221; text_align=&#8221;left&#8221; top_padding=&#8221;40&#8243; bottom_padding=&#8221;0&#8243;][vc_column][vc_column_text]\n<h2>Liste de contr\u00f4le des sympt\u00f4mes du trouble de stress post-traumatique (TSPT) : Premi\u00e8res \u00e9tapes<\/h2>\n<p>Si vous avez v\u00e9cu un \u00e9v\u00e9nement traumatisant, vous avez peut-\u00eatre de la difficult\u00e9 \u00e0 parler de vos exp\u00e9riences. Toutefois, il pourrait \u00eatre utile d\u2019informer votre m\u00e9decin ou votre conseiller des sympt\u00f4mes que vous pr\u00e9sentez. Le fait de t\u00e9moigner ou de vivre un \u00e9v\u00e9nement traumatisant peut entra\u00eener des probl\u00e8mes autant \u00e9motionnels que physiques.<\/p>\n<p>La liste de contr\u00f4le ci-dessous est une bonne fa\u00e7on de commencer \u00e0 parler de vos sympt\u00f4mes \u00e0 la suite d\u2019un \u00e9v\u00e9nement traumatisant. Inscrivez vos r\u00e9ponses et montrez-les \u00e0 votre m\u00e9decin, \u00e0 votre th\u00e9rapeute, ou \u00e0 quelqu\u2019un qui peut vous aider \u00e0 obtenir des soins.<\/p>\n<p>Le fait de partager cette information aide un fournisseur de soins \u00e0 mieux vous conna\u00eetre et \u00e0 pr\u00e9voir le meilleur traitement qui vous conviendra. Les personnes qui vivent un \u00e9v\u00e9nement traumatisant ne sont pas toutes atteintes du trouble de stress post-traumatique (TSPT), mais gardez \u00e0 l\u2019esprit que de bons traitements sont disponibles m\u00eame si vous ne pr\u00e9sentez que quelques sympt\u00f4mes du TSPT.<\/p>\n<p style=\"text-align: center;\"><a class=\"nectar-button n-sc-button large accent-color has-icon regular-button\" target=\"_blank\" href=\"\/wp-content\/uploads\/2015\/01\/Trauma-Checklist-FR.pdf\" data-color-override=\"false\" data-hover-color-override=\"false\" data-hover-text-color-override=\"#fff\"><span>T\u00e9l\u00e9charger la liste de contr\u00f4le des sympt\u00f4mes de traumatisme<\/span><i class=\"fa fa-arrow-circle-down\"><\/i><\/a>\n<h3>Pour r\u00e9sumer<\/h3>\n<p>Si vous avez coch\u00e9 certains des sympt\u00f4mes, il est important de le faire savoir \u00e0 votre fournisseur de soins. Cette information aidera votre fournisseur de soins \u00e0 planifier votre traitement m\u00e9dical et peut aussi l\u2019aider \u00e0 vous mettre en contact avec les services dont vous avez besoin.<\/p>\n<p>Si vous pensez que vous avez le TSPT, imprimez cette liste de contr\u00f4le, remplissez-la, puis donnez-la \u00e0 un fournisseur de soins ou quelqu\u2019un en qui vous avez confiance.[\/vc_column_text][\/vc_column][\/vc_row]\n","protected":false},"excerpt":{"rendered":"<p>[vc_row type=&#8221;in_container&#8221; bg_position=&#8221;left top&#8221; bg_repeat=&#8221;no-repeat&#8221; scene_position=&#8221;center&#8221; text_color=&#8221;dark&#8221; text_align=&#8221;left&#8221; top_padding=&#8221;40&#8243; bottom_padding=&#8221;0&#8243;][vc_column][vc_column_text] Liste de contr\u00f4le des sympt\u00f4mes du trouble de stress post-traumatique (TSPT) : Premi\u00e8res \u00e9tapes Si&#8230;<\/p>\n","protected":false},"author":1,"featured_media":0,"parent":256,"menu_order":30,"comment_status":"open","ping_status":"open","template":"","meta":{"footnotes":""},"class_list":["post-258","page","type-page","status-publish"],"_links":{"self":[{"href":"https:\/\/osiconnect.theroyal.ca\/fr\/wp-json\/wp\/v2\/pages\/258","targetHints":{"allow":["GET"]}}],"collection":[{"href":"https:\/\/osiconnect.theroyal.ca\/fr\/wp-json\/wp\/v2\/pages"}],"about":[{"href":"https:\/\/osiconnect.theroyal.ca\/fr\/wp-json\/wp\/v2\/types\/page"}],"author":[{"embeddable":true,"href":"https:\/\/osiconnect.theroyal.ca\/fr\/wp-json\/wp\/v2\/users\/1"}],"replies":[{"embeddable":true,"href":"https:\/\/osiconnect.theroyal.ca\/fr\/wp-json\/wp\/v2\/comments?post=258"}],"version-history":[{"count":7,"href":"https:\/\/osiconnect.theroyal.ca\/fr\/wp-json\/wp\/v2\/pages\/258\/revisions"}],"predecessor-version":[{"id":690,"href":"https:\/\/osiconnect.theroyal.ca\/fr\/wp-json\/wp\/v2\/pages\/258\/revisions\/690"}],"up":[{"embeddable":true,"href":"https:\/\/osiconnect.theroyal.ca\/fr\/wp-json\/wp\/v2\/pages\/256"}],"wp:attachment":[{"href":"https:\/\/osiconnect.theroyal.ca\/fr\/wp-json\/wp\/v2\/media?parent=258"}],"curies":[{"name":"wp","href":"https:\/\/api.w.org\/{rel}","templated":true}]}}