{"id":281,"date":"2015-01-19T21:52:13","date_gmt":"2015-01-20T02:52:13","guid":{"rendered":"http:\/\/osi.dev.pcomms.ca\/?page_id=281"},"modified":"2015-07-03T10:35:22","modified_gmt":"2015-07-03T14:35:22","slug":"ressources","status":"publish","type":"page","link":"https:\/\/osiconnect.theroyal.ca\/fr\/ressources\/","title":{"rendered":"Ressources"},"content":{"rendered":"[vc_row type=&#8221;in_container&#8221; bg_position=&#8221;left top&#8221; bg_repeat=&#8221;no-repeat&#8221; scene_position=&#8221;center&#8221; text_color=&#8221;dark&#8221; text_align=&#8221;left&#8221; top_padding=&#8221;40&#8243;][vc_column width=&#8221;1\/3&#8243; animation=&#8221;none&#8221; boxed=&#8221;true&#8221; column_padding=&#8221;no-extra-padding&#8221; column_padding_position=&#8221;all&#8221; background_color_hover=&#8221;#fff8ed&#8221; background_color_opacity=&#8221;1&#8243; column_link=&#8221;\/fr\/ressources\/faqs\/&#8221;][vc_column_text]\n<p style=\"text-align: center;\"><img loading=\"lazy\" decoding=\"async\" class=\"alignnone size-full wp-image-70\" src=\"\/wp-content\/uploads\/2015\/01\/icon_resources_lg.png\" alt=\"Icon - Resources\" width=\"150\" height=\"150\" \/><\/p>\n<h2 style=\"text-align: center;\">FAQs<\/h2>\n<p>Vous trouvez les r\u00e9ponses aux questions les plus fr\u00e9quentes au sujet des traumatismes de stress op\u00e9rationnel dans notre Foire aux questions (FAQ).[\/vc_column_text][\/vc_column][vc_column width=&#8221;1\/3&#8243; animation=&#8221;none&#8221; boxed=&#8221;true&#8221; column_padding=&#8221;no-extra-padding&#8221; column_padding_position=&#8221;all&#8221; background_color_hover=&#8221;#fff8ed&#8221; background_color_opacity=&#8221;1&#8243; column_link=&#8221;\/fr\/ressources\/liens\/&#8221;][vc_column_text]\n<p style=\"text-align: center;\"><img loading=\"lazy\" decoding=\"async\" class=\"alignnone size-full wp-image-70\" src=\"\/wp-content\/uploads\/2015\/01\/icon_resources_lg.png\" alt=\"Icon - Resources\" width=\"150\" height=\"150\" \/><\/p>\n<h2 style=\"text-align: center;\">Liens<\/h2>\n<p>Besoin de plus d\u2019informations? Ces liens vous conduisent vers d\u2019autres sites Web qui offrent des renseignements utiles sur la sant\u00e9 mentale.[\/vc_column_text][\/vc_column][vc_column width=&#8221;1\/3&#8243; animation=&#8221;none&#8221; boxed=&#8221;true&#8221; column_padding=&#8221;no-extra-padding&#8221; column_padding_position=&#8221;all&#8221; background_color_hover=&#8221;#fff8ed&#8221; background_color_opacity=&#8221;1&#8243; column_link=&#8221;\/fr\/ressources\/apps\/&#8221;][vc_column_text]\n<p style=\"text-align: center;\"><img loading=\"lazy\" decoding=\"async\" class=\"alignnone size-full wp-image-70\" src=\"\/wp-content\/uploads\/2015\/03\/icon_apps_lg.png\" alt=\"Icon - Apps\" width=\"150\" height=\"150\" \/><\/p>\n<h2 style=\"text-align: center;\">Apps<\/h2>\n<p>Les applications mobiles sont des outils utiles pour atteindre et maintenir le mieux-\u00eatre mental. Voici quelques apps de sant\u00e9 mentale que nous vous recommandons.[\/vc_column_text][\/vc_column][\/vc_row]\n","protected":false},"excerpt":{"rendered":"<p>[vc_row type=&#8221;in_container&#8221; bg_position=&#8221;left top&#8221; bg_repeat=&#8221;no-repeat&#8221; scene_position=&#8221;center&#8221; text_color=&#8221;dark&#8221; text_align=&#8221;left&#8221; top_padding=&#8221;40&#8243;][vc_column width=&#8221;1\/3&#8243; animation=&#8221;none&#8221; boxed=&#8221;true&#8221; column_padding=&#8221;no-extra-padding&#8221; column_padding_position=&#8221;all&#8221; background_color_hover=&#8221;#fff8ed&#8221; background_color_opacity=&#8221;1&#8243; column_link=&#8221;\/fr\/ressources\/faqs\/&#8221;][vc_column_text] FAQs Vous trouvez les r\u00e9ponses aux questions les&#8230;<\/p>\n","protected":false},"author":1,"featured_media":0,"parent":0,"menu_order":80,"comment_status":"open","ping_status":"closed","template":"","meta":{"footnotes":""},"class_list":["post-281","page","type-page","status-publish"],"_links":{"self":[{"href":"https:\/\/osiconnect.theroyal.ca\/fr\/wp-json\/wp\/v2\/pages\/281","targetHints":{"allow":["GET"]}}],"collection":[{"href":"https:\/\/osiconnect.theroyal.ca\/fr\/wp-json\/wp\/v2\/pages"}],"about":[{"href":"https:\/\/osiconnect.theroyal.ca\/fr\/wp-json\/wp\/v2\/types\/page"}],"author":[{"embeddable":true,"href":"https:\/\/osiconnect.theroyal.ca\/fr\/wp-json\/wp\/v2\/users\/1"}],"replies":[{"embeddable":true,"href":"https:\/\/osiconnect.theroyal.ca\/fr\/wp-json\/wp\/v2\/comments?post=281"}],"version-history":[{"count":5,"href":"https:\/\/osiconnect.theroyal.ca\/fr\/wp-json\/wp\/v2\/pages\/281\/revisions"}],"predecessor-version":[{"id":703,"href":"https:\/\/osiconnect.theroyal.ca\/fr\/wp-json\/wp\/v2\/pages\/281\/revisions\/703"}],"wp:attachment":[{"href":"https:\/\/osiconnect.theroyal.ca\/fr\/wp-json\/wp\/v2\/media?parent=281"}],"curies":[{"name":"wp","href":"https:\/\/api.w.org\/{rel}","templated":true}]}}