{"id":290,"date":"2015-01-30T02:19:33","date_gmt":"2015-01-30T07:19:33","guid":{"rendered":"http:\/\/osi.dev.pcomms.ca\/?page_id=290"},"modified":"2024-06-25T15:45:45","modified_gmt":"2024-06-25T19:45:45","slug":"liens","status":"publish","type":"page","link":"https:\/\/osiconnect.theroyal.ca\/fr\/ressources\/liens\/","title":{"rendered":"Liens"},"content":{"rendered":"[vc_row type=&#8221;in_container&#8221; full_screen_row_position=&#8221;middle&#8221; column_margin=&#8221;default&#8221; column_direction=&#8221;default&#8221; column_direction_tablet=&#8221;default&#8221; column_direction_phone=&#8221;default&#8221; scene_position=&#8221;center&#8221; top_padding=&#8221;40&#8243; text_color=&#8221;dark&#8221; text_align=&#8221;left&#8221; row_border_radius=&#8221;none&#8221; row_border_radius_applies=&#8221;bg&#8221; overflow=&#8221;visible&#8221; overlay_strength=&#8221;0.3&#8243; gradient_direction=&#8221;left_to_right&#8221; shape_divider_position=&#8221;bottom&#8221; bg_image_animation=&#8221;none&#8221;][vc_column column_padding=&#8221;no-extra-padding&#8221; column_padding_tablet=&#8221;inherit&#8221; column_padding_phone=&#8221;inherit&#8221; column_padding_position=&#8221;all&#8221; column_element_direction_desktop=&#8221;default&#8221; column_element_spacing=&#8221;default&#8221; desktop_text_alignment=&#8221;default&#8221; tablet_text_alignment=&#8221;default&#8221; phone_text_alignment=&#8221;default&#8221; background_color_opacity=&#8221;1&#8243; background_hover_color_opacity=&#8221;1&#8243; column_backdrop_filter=&#8221;none&#8221; column_shadow=&#8221;none&#8221; column_border_radius=&#8221;none&#8221; column_link_target=&#8221;_self&#8221; column_position=&#8221;default&#8221; gradient_direction=&#8221;left_to_right&#8221; overlay_strength=&#8221;0.3&#8243; width=&#8221;1\/3&#8243; tablet_width_inherit=&#8221;default&#8221; animation_type=&#8221;default&#8221; bg_image_animation=&#8221;none&#8221; border_type=&#8221;simple&#8221; column_border_width=&#8221;none&#8221; column_border_style=&#8221;solid&#8221;][vc_column_text]\n<h3>G\u00e9n\u00e9ral<\/h3>\n<i class=\"icon-tiny fa fa-link extra-color-2\"><\/i>\u00a0<a href=\"http:\/\/www.forces.gc.ca\/fr\/communaute-fac-services-sante-rvpm\/index.page\" target=\"_blank\" rel=\"noopener\">En route vers la pr\u00e9paration mentale (RVPM)<\/a><\/p>\n<i class=\"icon-tiny fa fa-link extra-color-2\"><\/i>\u00a0<a href=\"http:\/\/www.forces.gc.ca\/fr\/communaute-fac-services-sante-medicaux\/information-clinique.page\" target=\"_blank\" rel=\"noopener\">Centres m\u00e9dicaux des Forces arm\u00e9es canadiennes<\/a><\/p>\n<i class=\"icon-tiny fa fa-link extra-color-2\"><\/i>\u00a0<a href=\"http:\/\/www.forces.gc.ca\/fr\/communaute-fac-services-sante-mentale\/index.page\" target=\"_blank\" rel=\"noopener\">Services de sant\u00e9 mentale des Forces arm\u00e9es canadiennes<\/a><\/p>\n<i class=\"icon-tiny fa fa-link extra-color-2\"><\/i>\u00a0<a href=\"http:\/\/www.forces.gc.ca\/fr\/communaute-fac-services-sante-rvpm-deploiement\/ressources-sante-mentale-garnison.page\" target=\"_blank\" rel=\"noopener\">Ressources en sant\u00e9 mentale<\/a><\/p>\n<i class=\"icon-tiny fa fa-link extra-color-2\"><\/i>\u00a0<a href=\"https:\/\/atlasveterans.ca\/fr\/\" target=\"_blank\" rel=\"noopener\">Institut Atlas Pour Les V\u00e9t\u00e9rans et Leur Famille<\/a><\/p>\n<i class=\"icon-tiny fa fa-link extra-color-2\"><\/i>\u00a0<a href=\"https:\/\/www.cfmws.com\/fr\/aboutus\/dcsm\/osiss\/pages\/operational-stress-injury-social-support-(osiss).aspx\/fr\/index.html\" target=\"_blank\" rel=\"noopener\">Soutien Social Blessures Stress Operational<\/a><\/p>\n<i class=\"icon-tiny fa fa-link extra-color-2\"><\/i>\u00a0<a href=\"https:\/\/www.oqanalyst.ca\/osic-cromis\/onlineadministration\/?Prefix=ROC&amp;useid=true\" target=\"_blank\" rel=\"noopener\">CROMIS<\/a><\/p>\n<i class=\"icon-tiny fa fa-link extra-color-2\"><\/i>\u00a0<a href=\"https:\/\/www.connexionfac.ca\/Nationale\/Accueil.aspx\" target=\"_blank\" rel=\"noopener\">La Force de la Famille<\/a>[\/vc_column_text][\/vc_column][vc_column column_padding=&#8221;no-extra-padding&#8221; column_padding_tablet=&#8221;inherit&#8221; column_padding_phone=&#8221;inherit&#8221; column_padding_position=&#8221;all&#8221; column_element_direction_desktop=&#8221;default&#8221; column_element_spacing=&#8221;default&#8221; desktop_text_alignment=&#8221;default&#8221; tablet_text_alignment=&#8221;default&#8221; phone_text_alignment=&#8221;default&#8221; background_color_opacity=&#8221;1&#8243; background_hover_color_opacity=&#8221;1&#8243; column_backdrop_filter=&#8221;none&#8221; column_shadow=&#8221;none&#8221; column_border_radius=&#8221;none&#8221; column_link_target=&#8221;_self&#8221; column_position=&#8221;default&#8221; gradient_direction=&#8221;left_to_right&#8221; overlay_strength=&#8221;0.3&#8243; width=&#8221;1\/3&#8243; tablet_width_inherit=&#8221;default&#8221; animation_type=&#8221;default&#8221; bg_image_animation=&#8221;none&#8221; border_type=&#8221;simple&#8221; column_border_width=&#8221;none&#8221; column_border_style=&#8221;solid&#8221;][vc_column_text]\n<h3>Anciens Combattants Canada<\/h3>\n<i class=\"icon-tiny fa fa-link extra-color-2\"><\/i> <a href=\"http:\/\/www.veterans.gc.ca\/fra\/\" target=\"_blank\" rel=\"noopener\">Anciens Combattants Canada<\/a><\/p>\n<i class=\"icon-tiny fa fa-link extra-color-2\"><\/i> <a href=\"http:\/\/www.veterans.gc.ca\/fra\/sante-mentale\/promotion\/santestrategie\" target=\"_blank\" rel=\"noopener\">Strat\u00e9gie en mati\u00e8re de sant\u00e9 mentale d\u2019ACC<\/a><\/p>\n<i class=\"icon-tiny fa fa-link extra-color-2\"><\/i> <a href=\"http:\/\/www.rcmp-grc.gc.ca\/fr\" target=\"_blank\" rel=\"noopener\">Gendarmerie royale du Canada<\/a><\/p>\n<i class=\"icon-tiny fa fa-link extra-color-2\"><\/i> <a href=\"http:\/\/www.forces.gc.ca\/fr\/index.page?\" target=\"_blank\" rel=\"noopener\">D\u00e9fense nationale et les Forces arm\u00e9es canadiennes<\/a><\/p>\n<i class=\"icon-tiny fa fa-link extra-color-2\"><\/i> <a href=\"http:\/\/www.forces.ca\/\">Les Forces Canadiennes<\/a><\/p>\n<i class=\"icon-tiny fa fa-link extra-color-2\"><\/i> <a href=\"http:\/\/www.cmha.ca\/fr\/\" target=\"_blank\" rel=\"noopener\">L\u2019Association canadienne pour la sant\u00e9 mentale<\/a><\/p>\n<i class=\"icon-tiny fa fa-link extra-color-2\"><\/i> <a href=\"http:\/\/www.troubleshumeur.ca\/index.php\/\" target=\"_blank\" rel=\"noopener\">La Soci\u00e9t\u00e9 pour les troubles de l&#8217;humeur du Canada<\/a><\/p>\n<i class=\"icon-tiny fa fa-link extra-color-2\"><\/i> <a href=\"https:\/\/www.anxietycanada.com\/\" target=\"_blank\" rel=\"noopener\">Association Canadienne des Troubles Anxieux<\/a>[\/vc_column_text][\/vc_column][vc_column column_padding=&#8221;no-extra-padding&#8221; column_padding_tablet=&#8221;inherit&#8221; column_padding_phone=&#8221;inherit&#8221; column_padding_position=&#8221;all&#8221; column_element_direction_desktop=&#8221;default&#8221; column_element_spacing=&#8221;default&#8221; desktop_text_alignment=&#8221;default&#8221; tablet_text_alignment=&#8221;default&#8221; phone_text_alignment=&#8221;default&#8221; background_color_opacity=&#8221;1&#8243; background_hover_color_opacity=&#8221;1&#8243; column_backdrop_filter=&#8221;none&#8221; column_shadow=&#8221;none&#8221; column_border_radius=&#8221;none&#8221; column_link_target=&#8221;_self&#8221; column_position=&#8221;default&#8221; gradient_direction=&#8221;left_to_right&#8221; overlay_strength=&#8221;0.3&#8243; width=&#8221;1\/3&#8243; tablet_width_inherit=&#8221;default&#8221; animation_type=&#8221;default&#8221; bg_image_animation=&#8221;none&#8221; border_type=&#8221;simple&#8221; column_border_width=&#8221;none&#8221; column_border_style=&#8221;solid&#8221;][\/vc_column][\/vc_row]\n","protected":false},"excerpt":{"rendered":"<p>[vc_row type=&#8221;in_container&#8221; full_screen_row_position=&#8221;middle&#8221; column_margin=&#8221;default&#8221; column_direction=&#8221;default&#8221; column_direction_tablet=&#8221;default&#8221; column_direction_phone=&#8221;default&#8221; scene_position=&#8221;center&#8221; top_padding=&#8221;40&#8243; text_color=&#8221;dark&#8221; text_align=&#8221;left&#8221; row_border_radius=&#8221;none&#8221; row_border_radius_applies=&#8221;bg&#8221; overflow=&#8221;visible&#8221; overlay_strength=&#8221;0.3&#8243; gradient_direction=&#8221;left_to_right&#8221; shape_divider_position=&#8221;bottom&#8221; bg_image_animation=&#8221;none&#8221;][vc_column column_padding=&#8221;no-extra-padding&#8221; column_padding_tablet=&#8221;inherit&#8221; column_padding_phone=&#8221;inherit&#8221; column_padding_position=&#8221;all&#8221; column_element_direction_desktop=&#8221;default&#8221; column_element_spacing=&#8221;default&#8221; desktop_text_alignment=&#8221;default&#8221;&#8230;<\/p>\n","protected":false},"author":1,"featured_media":0,"parent":281,"menu_order":30,"comment_status":"open","ping_status":"closed","template":"","meta":{"footnotes":""},"class_list":["post-290","page","type-page","status-publish"],"_links":{"self":[{"href":"https:\/\/osiconnect.theroyal.ca\/fr\/wp-json\/wp\/v2\/pages\/290","targetHints":{"allow":["GET"]}}],"collection":[{"href":"https:\/\/osiconnect.theroyal.ca\/fr\/wp-json\/wp\/v2\/pages"}],"about":[{"href":"https:\/\/osiconnect.theroyal.ca\/fr\/wp-json\/wp\/v2\/types\/page"}],"author":[{"embeddable":true,"href":"https:\/\/osiconnect.theroyal.ca\/fr\/wp-json\/wp\/v2\/users\/1"}],"replies":[{"embeddable":true,"href":"https:\/\/osiconnect.theroyal.ca\/fr\/wp-json\/wp\/v2\/comments?post=290"}],"version-history":[{"count":9,"href":"https:\/\/osiconnect.theroyal.ca\/fr\/wp-json\/wp\/v2\/pages\/290\/revisions"}],"predecessor-version":[{"id":1048,"href":"https:\/\/osiconnect.theroyal.ca\/fr\/wp-json\/wp\/v2\/pages\/290\/revisions\/1048"}],"up":[{"embeddable":true,"href":"https:\/\/osiconnect.theroyal.ca\/fr\/wp-json\/wp\/v2\/pages\/281"}],"wp:attachment":[{"href":"https:\/\/osiconnect.theroyal.ca\/fr\/wp-json\/wp\/v2\/media?parent=290"}],"curies":[{"name":"wp","href":"https:\/\/api.w.org\/{rel}","templated":true}]}}