{"id":291,"date":"2015-01-30T02:25:19","date_gmt":"2015-01-30T07:25:19","guid":{"rendered":"http:\/\/osi.dev.pcomms.ca\/?page_id=291"},"modified":"2025-07-30T09:17:28","modified_gmt":"2025-07-30T13:17:28","slug":"apps","status":"publish","type":"page","link":"https:\/\/osiconnect.theroyal.ca\/fr\/ressources\/apps\/","title":{"rendered":"Apps"},"content":{"rendered":"[vc_row type=&#8221;in_container&#8221; full_screen_row_position=&#8221;middle&#8221; column_margin=&#8221;default&#8221; equal_height=&#8221;yes&#8221; column_direction=&#8221;default&#8221; column_direction_tablet=&#8221;default&#8221; column_direction_phone=&#8221;default&#8221; scene_position=&#8221;center&#8221; top_padding=&#8221;10&#8243; bottom_padding=&#8221;50&#8243; text_color=&#8221;dark&#8221; text_align=&#8221;left&#8221; row_border_radius=&#8221;none&#8221; row_border_radius_applies=&#8221;bg&#8221; overflow=&#8221;visible&#8221; overlay_strength=&#8221;0.3&#8243; gradient_direction=&#8221;left_to_right&#8221; shape_divider_position=&#8221;bottom&#8221; bg_image_animation=&#8221;none&#8221; gradient_type=&#8221;default&#8221; shape_type=&#8221;&#8221;][vc_column column_padding=&#8221;padding-3-percent&#8221; column_padding_tablet=&#8221;inherit&#8221; column_padding_phone=&#8221;inherit&#8221; column_padding_position=&#8221;all&#8221; column_element_direction_desktop=&#8221;default&#8221; column_element_spacing=&#8221;default&#8221; desktop_text_alignment=&#8221;default&#8221; tablet_text_alignment=&#8221;default&#8221; phone_text_alignment=&#8221;default&#8221; background_color_opacity=&#8221;1&#8243; background_hover_color_opacity=&#8221;1&#8243; column_backdrop_filter=&#8221;none&#8221; column_shadow=&#8221;none&#8221; column_border_radius=&#8221;5px&#8221; column_link_target=&#8221;_self&#8221; column_position=&#8221;default&#8221; boxed=&#8221;true&#8221; gradient_direction=&#8221;left_to_right&#8221; overlay_strength=&#8221;0.3&#8243; width=&#8221;1\/2&#8243; tablet_width_inherit=&#8221;default&#8221; animation_type=&#8221;default&#8221; bg_image_animation=&#8221;none&#8221; border_type=&#8221;simple&#8221; column_border_width=&#8221;1px&#8221; column_border_color=&#8221;rgba(34,34,34,0.15)&#8221; column_border_style=&#8221;solid&#8221; column_padding_type=&#8221;default&#8221; gradient_type=&#8221;default&#8221;][vc_column_text]\n<h1>Coach ESPT Canada<\/h1>\n<p>De pair avec des soins professionnels, Coach ESPT Canada fournit des ressources s\u00fbres auxquelles vous pouvez vous fier. Que vous soyez atteint, ou croyez \u00eatre atteint de l&#8217;ESPT, cette application est pour vous. De plus, la famille et les amis peuvent \u00e9galement en apprendre de cette application. Coach ESPT Canada vous offre des renseignements et des outils d&#8217;auto-assistance fond\u00e9s sur la recherche.<\/p>\n<p align=\"center\"><a href=\"https:\/\/itunes.apple.com\/ca\/app\/ptsd-coach-canada\/id616851357\" target=\"_blank\" rel=\"noopener\"><img loading=\"lazy\" decoding=\"async\" width=\"220\" height=\"75\" class=\"alignnone wp-image-1018\" style=\"width: 220px;\" src=\"https:\/\/osiconnect.theroyal.ca\/wp-content\/uploads\/2023\/09\/Apple-App-Store-badge.png\" alt=\"Download on the App Store\" \/><\/a> \u00a0<a href=\"https:\/\/play.google.com\/store\/apps\/details?id=ca.gc.veterans.ptsd.ptsdcoach&amp;hl=en\" target=\"_blank\" rel=\"noopener\"><img loading=\"lazy\" decoding=\"async\" width=\"220\" height=\"75\" class=\"alignnone wp-image-1020\" style=\"width: 220px;\" src=\"https:\/\/osiconnect.theroyal.ca\/wp-content\/uploads\/2023\/09\/Google-Play-badge.png\" alt=\"Get it on Google Play\" \/><\/a><\/p>\n[\/vc_column_text][\/vc_column][vc_column column_padding=&#8221;padding-3-percent&#8221; column_padding_tablet=&#8221;inherit&#8221; column_padding_phone=&#8221;inherit&#8221; column_padding_position=&#8221;all&#8221; column_element_direction_desktop=&#8221;default&#8221; column_element_spacing=&#8221;default&#8221; desktop_text_alignment=&#8221;default&#8221; tablet_text_alignment=&#8221;default&#8221; phone_text_alignment=&#8221;default&#8221; background_color_opacity=&#8221;1&#8243; background_hover_color_opacity=&#8221;1&#8243; column_backdrop_filter=&#8221;none&#8221; column_shadow=&#8221;none&#8221; column_border_radius=&#8221;5px&#8221; column_link_target=&#8221;_self&#8221; column_position=&#8221;default&#8221; boxed=&#8221;true&#8221; gradient_direction=&#8221;left_to_right&#8221; overlay_strength=&#8221;0.3&#8243; width=&#8221;1\/2&#8243; tablet_width_inherit=&#8221;default&#8221; animation_type=&#8221;default&#8221; bg_image_animation=&#8221;none&#8221; border_type=&#8221;simple&#8221; column_border_width=&#8221;1px&#8221; column_border_color=&#8221;rgba(34,34,34,0.15)&#8221; column_border_style=&#8221;solid&#8221; column_padding_type=&#8221;default&#8221; gradient_type=&#8221;default&#8221;][vc_column_text]\n<h1>Breathe2Relax<\/h1>\n<p>(En anglais) Breathe2Relax is a portable stress management tool which provides detailed information on the effects of stress on the body and instructions and practice exercises to help users learn the stress management skill called diaphragmatic breathing.Breathing exercises have been documented to decrease the body\u2019s \u2018fight-or-flight\u2019 (stress) response&#8230;<\/p>\n<p align=\"center\"><a href=\"https:\/\/itunes.apple.com\/ca\/app\/breathe2relax\/id425720246\" target=\"_blank\" rel=\"noopener\"><img loading=\"lazy\" decoding=\"async\" width=\"220\" height=\"75\" class=\"alignnone wp-image-1018\" style=\"width: 220px;\" src=\"https:\/\/osiconnect.theroyal.ca\/wp-content\/uploads\/2023\/09\/Apple-App-Store-badge.png\" alt=\"Download on the App Store\" \/><\/a> \u00a0<a href=\"https:\/\/play.google.com\/store\/apps\/details?id=org.t2health.breathe2relax&amp;hl=en\" target=\"_blank\" rel=\"noopener\"><img loading=\"lazy\" decoding=\"async\" width=\"220\" height=\"75\" class=\"alignnone wp-image-1020\" style=\"width: 220px;\" src=\"https:\/\/osiconnect.theroyal.ca\/wp-content\/uploads\/2023\/09\/Google-Play-badge.png\" alt=\"Get it on Google Play\" \/><\/a><\/p>\n[\/vc_column_text][\/vc_column][\/vc_row]\n","protected":false},"excerpt":{"rendered":"<p>[vc_row type=&#8221;in_container&#8221; full_screen_row_position=&#8221;middle&#8221; column_margin=&#8221;default&#8221; equal_height=&#8221;yes&#8221; column_direction=&#8221;default&#8221; column_direction_tablet=&#8221;default&#8221; column_direction_phone=&#8221;default&#8221; scene_position=&#8221;center&#8221; top_padding=&#8221;10&#8243; bottom_padding=&#8221;50&#8243; text_color=&#8221;dark&#8221; text_align=&#8221;left&#8221; row_border_radius=&#8221;none&#8221; row_border_radius_applies=&#8221;bg&#8221; overflow=&#8221;visible&#8221; overlay_strength=&#8221;0.3&#8243; gradient_direction=&#8221;left_to_right&#8221; shape_divider_position=&#8221;bottom&#8221; bg_image_animation=&#8221;none&#8221; gradient_type=&#8221;default&#8221; shape_type=&#8221;&#8221;][vc_column column_padding=&#8221;padding-3-percent&#8221; column_padding_tablet=&#8221;inherit&#8221; column_padding_phone=&#8221;inherit&#8221;&#8230;<\/p>\n","protected":false},"author":1,"featured_media":0,"parent":281,"menu_order":40,"comment_status":"open","ping_status":"closed","template":"","meta":{"footnotes":""},"class_list":["post-291","page","type-page","status-publish"],"_links":{"self":[{"href":"https:\/\/osiconnect.theroyal.ca\/fr\/wp-json\/wp\/v2\/pages\/291","targetHints":{"allow":["GET"]}}],"collection":[{"href":"https:\/\/osiconnect.theroyal.ca\/fr\/wp-json\/wp\/v2\/pages"}],"about":[{"href":"https:\/\/osiconnect.theroyal.ca\/fr\/wp-json\/wp\/v2\/types\/page"}],"author":[{"embeddable":true,"href":"https:\/\/osiconnect.theroyal.ca\/fr\/wp-json\/wp\/v2\/users\/1"}],"replies":[{"embeddable":true,"href":"https:\/\/osiconnect.theroyal.ca\/fr\/wp-json\/wp\/v2\/comments?post=291"}],"version-history":[{"count":16,"href":"https:\/\/osiconnect.theroyal.ca\/fr\/wp-json\/wp\/v2\/pages\/291\/revisions"}],"predecessor-version":[{"id":1060,"href":"https:\/\/osiconnect.theroyal.ca\/fr\/wp-json\/wp\/v2\/pages\/291\/revisions\/1060"}],"up":[{"embeddable":true,"href":"https:\/\/osiconnect.theroyal.ca\/fr\/wp-json\/wp\/v2\/pages\/281"}],"wp:attachment":[{"href":"https:\/\/osiconnect.theroyal.ca\/fr\/wp-json\/wp\/v2\/media?parent=291"}],"curies":[{"name":"wp","href":"https:\/\/api.w.org\/{rel}","templated":true}]}}